{"id":1714,"date":"2023-12-26T07:31:19","date_gmt":"2023-12-26T05:31:19","guid":{"rendered":"https:\/\/www.logictechnic.com.tr\/?post_type=product&#038;p=1714"},"modified":"2025-02-03T13:50:21","modified_gmt":"2025-02-03T11:50:21","slug":"pepperlfuchs-nbn12-18gm50-e0","status":"publish","type":"product","link":"http:\/\/www.logictechnic.com.tr\/en\/urunler\/pepperl-fuchs\/enduktif-sensor\/pepperlfuchs-nbn12-18gm50-e0\/","title":{"rendered":"PEPPERL+FUCHS  NBN12-18GM50-E0"},"content":{"rendered":"<p>Firmam\u0131z, PEPPERL+FUCHS markas\u0131n\u0131n yetkili distrib\u00fct\u00f6r\u00fc, \u00fcretici temsilcisi veya bayisi de\u011fildir. Web sitemizde g\u00f6sterilen PEPPERL+FUCHS markas\u0131na ait \u00fcr\u00fcnler bilgilendirme ama\u00e7l\u0131 olup, t\u00fcm marka adlar\u0131 ve ticari markalar ilgili hak sahiplerinin m\u00fclkiyetindedir.<\/p>","protected":false},"excerpt":{"rendered":"<ul id=\"productfeatures\">\n<li>12 mm non-flush<\/li>\n<li>Increased operating distance<\/li>\n<li>Extended temperature range<br \/>\n-40 &#8230; +85 \u00b0C<\/li>\n<li>Extended operating voltage range<\/li>\n<li>Flexible use with versatile mounting possibilities<\/li>\n<\/ul>","protected":false},"featured_media":1715,"template":"","meta":[],"product_brand":[],"product_cat":[25,244],"product_tag":[360],"class_list":{"0":"post-1714","1":"product","2":"type-product","3":"status-publish","4":"has-post-thumbnail","6":"product_cat-pepperl-fuchs","7":"product_cat-enduktif-sensor","8":"product_tag-nbn12-18gm50-e0","10":"first","11":"instock","12":"shipping-taxable","13":"product-type-simple"},"_links":{"self":[{"href":"http:\/\/www.logictechnic.com.tr\/en\/wp-json\/wp\/v2\/product\/1714","targetHints":{"allow":["GET"]}}],"collection":[{"href":"http:\/\/www.logictechnic.com.tr\/en\/wp-json\/wp\/v2\/product"}],"about":[{"href":"http:\/\/www.logictechnic.com.tr\/en\/wp-json\/wp\/v2\/types\/product"}],"wp:featuredmedia":[{"embeddable":true,"href":"http:\/\/www.logictechnic.com.tr\/en\/wp-json\/wp\/v2\/media\/1715"}],"wp:attachment":[{"href":"http:\/\/www.logictechnic.com.tr\/en\/wp-json\/wp\/v2\/media?parent=1714"}],"wp:term":[{"taxonomy":"product_brand","embeddable":true,"href":"http:\/\/www.logictechnic.com.tr\/en\/wp-json\/wp\/v2\/product_brand?post=1714"},{"taxonomy":"product_cat","embeddable":true,"href":"http:\/\/www.logictechnic.com.tr\/en\/wp-json\/wp\/v2\/product_cat?post=1714"},{"taxonomy":"product_tag","embeddable":true,"href":"http:\/\/www.logictechnic.com.tr\/en\/wp-json\/wp\/v2\/product_tag?post=1714"}],"curies":[{"name":"wp","href":"https:\/\/api.w.org\/{rel}","templated":true}]}}