{"id":3138,"date":"2024-03-02T11:55:03","date_gmt":"2024-03-02T09:55:03","guid":{"rendered":"https:\/\/www.logictechnic.com.tr\/?post_type=product&#038;p=3138"},"modified":"2025-02-03T13:47:39","modified_gmt":"2025-02-03T11:47:39","slug":"pepperlfuchs-kfd2-ufc-ex1-d","status":"publish","type":"product","link":"http:\/\/www.logictechnic.com.tr\/en\/urunler\/pepperl-fuchs\/proses-otomasyon-urunleri\/sinyal-ceviriciler-proses-otomasyon-urunleri\/pepperlfuchs-kfd2-ufc-ex1-d\/","title":{"rendered":"PEPPERL+FUCHS KFD2-UFC-EX1.D"},"content":{"rendered":"<p>Firmam\u0131z, PEPPERL+FUCHS markas\u0131n\u0131n yetkili distrib\u00fct\u00f6r\u00fc, \u00fcretici temsilcisi veya bayisi de\u011fildir. Web sitemizde g\u00f6sterilen PEPPERL+FUCHS markas\u0131na ait \u00fcr\u00fcnler bilgilendirme ama\u00e7l\u0131 olup, t\u00fcm marka adlar\u0131 ve ticari markalar ilgili hak sahiplerinin m\u00fclkiyetindedir.<\/p>","protected":false},"excerpt":{"rendered":"<ul>\n<li>1-channel isolated barrier<\/li>\n<li>24 V DC supply (Power Rail)<\/li>\n<li>Input 2-wire and 3-wire SMART transmitters and 2-wire SMART current sources<\/li>\n<li>Output 0\/4 mA ... 20 mA<\/li>\n<li>Terminals with test points<\/li>\n<li>SIL 2&#8217;ye kadar\u00a0IEC\/EN 61508&#8217;e g\u00f6re<\/li>\n<\/ul>","protected":false},"featured_media":3139,"template":"","meta":[],"product_brand":[],"product_cat":[25,440,466],"product_tag":[983],"class_list":{"0":"post-3138","1":"product","2":"type-product","3":"status-publish","4":"has-post-thumbnail","6":"product_cat-pepperl-fuchs","7":"product_cat-proses-otomasyon-urunleri","8":"product_cat-sinyal-ceviriciler-proses-otomasyon-urunleri","9":"product_tag-kfd2-ufc-ex1-d","11":"first","12":"instock","13":"shipping-taxable","14":"product-type-simple"},"_links":{"self":[{"href":"http:\/\/www.logictechnic.com.tr\/en\/wp-json\/wp\/v2\/product\/3138","targetHints":{"allow":["GET"]}}],"collection":[{"href":"http:\/\/www.logictechnic.com.tr\/en\/wp-json\/wp\/v2\/product"}],"about":[{"href":"http:\/\/www.logictechnic.com.tr\/en\/wp-json\/wp\/v2\/types\/product"}],"wp:featuredmedia":[{"embeddable":true,"href":"http:\/\/www.logictechnic.com.tr\/en\/wp-json\/wp\/v2\/media\/3139"}],"wp:attachment":[{"href":"http:\/\/www.logictechnic.com.tr\/en\/wp-json\/wp\/v2\/media?parent=3138"}],"wp:term":[{"taxonomy":"product_brand","embeddable":true,"href":"http:\/\/www.logictechnic.com.tr\/en\/wp-json\/wp\/v2\/product_brand?post=3138"},{"taxonomy":"product_cat","embeddable":true,"href":"http:\/\/www.logictechnic.com.tr\/en\/wp-json\/wp\/v2\/product_cat?post=3138"},{"taxonomy":"product_tag","embeddable":true,"href":"http:\/\/www.logictechnic.com.tr\/en\/wp-json\/wp\/v2\/product_tag?post=3138"}],"curies":[{"name":"wp","href":"https:\/\/api.w.org\/{rel}","templated":true}]}}