{"id":3144,"date":"2024-03-02T12:20:43","date_gmt":"2024-03-02T10:20:43","guid":{"rendered":"https:\/\/www.logictechnic.com.tr\/?post_type=product&#038;p=3144"},"modified":"2025-02-03T13:47:35","modified_gmt":"2025-02-03T11:47:35","slug":"pepperlfuchs-kfd2-stc5-ex2","status":"publish","type":"product","link":"http:\/\/www.logictechnic.com.tr\/en\/urunler\/pepperl-fuchs\/proses-otomasyon-urunleri\/sinyal-ceviriciler-proses-otomasyon-urunleri\/pepperlfuchs-kfd2-stc5-ex2\/","title":{"rendered":"PEPPERL+FUCHS KFD2-STC5-EX2"},"content":{"rendered":"<p>Firmam\u0131z, PEPPERL+FUCHS markas\u0131n\u0131n yetkili distrib\u00fct\u00f6r\u00fc, \u00fcretici temsilcisi veya bayisi de\u011fildir. Web sitemizde g\u00f6sterilen PEPPERL+FUCHS markas\u0131na ait \u00fcr\u00fcnler bilgilendirme ama\u00e7l\u0131 olup, t\u00fcm marka adlar\u0131 ve ticari markalar ilgili hak sahiplerinin m\u00fclkiyetindedir.<\/p>","protected":false},"excerpt":{"rendered":"<ul>\n<li>1-channel isolated barrier<\/li>\n<li>24 V DC supply (Power Rail)<\/li>\n<li>Input 2-wire and 3-wire SMART transmitters and 2-wire SMART current sources<\/li>\n<li>Output 0\/4 mA ... 20 mA<\/li>\n<li>Terminals with test points<\/li>\n<li>SIL 2&#8217;ye kadar\u00a0IEC\/EN 61508&#8217;e g\u00f6re<\/li>\n<\/ul>","protected":false},"featured_media":3145,"template":"","meta":[],"product_brand":[],"product_cat":[25,440,466],"product_tag":[986],"class_list":{"0":"post-3144","1":"product","2":"type-product","3":"status-publish","4":"has-post-thumbnail","6":"product_cat-pepperl-fuchs","7":"product_cat-proses-otomasyon-urunleri","8":"product_cat-sinyal-ceviriciler-proses-otomasyon-urunleri","9":"product_tag-kfd2-stc5-ex2","11":"first","12":"instock","13":"shipping-taxable","14":"product-type-simple"},"_links":{"self":[{"href":"http:\/\/www.logictechnic.com.tr\/en\/wp-json\/wp\/v2\/product\/3144","targetHints":{"allow":["GET"]}}],"collection":[{"href":"http:\/\/www.logictechnic.com.tr\/en\/wp-json\/wp\/v2\/product"}],"about":[{"href":"http:\/\/www.logictechnic.com.tr\/en\/wp-json\/wp\/v2\/types\/product"}],"wp:featuredmedia":[{"embeddable":true,"href":"http:\/\/www.logictechnic.com.tr\/en\/wp-json\/wp\/v2\/media\/3145"}],"wp:attachment":[{"href":"http:\/\/www.logictechnic.com.tr\/en\/wp-json\/wp\/v2\/media?parent=3144"}],"wp:term":[{"taxonomy":"product_brand","embeddable":true,"href":"http:\/\/www.logictechnic.com.tr\/en\/wp-json\/wp\/v2\/product_brand?post=3144"},{"taxonomy":"product_cat","embeddable":true,"href":"http:\/\/www.logictechnic.com.tr\/en\/wp-json\/wp\/v2\/product_cat?post=3144"},{"taxonomy":"product_tag","embeddable":true,"href":"http:\/\/www.logictechnic.com.tr\/en\/wp-json\/wp\/v2\/product_tag?post=3144"}],"curies":[{"name":"wp","href":"https:\/\/api.w.org\/{rel}","templated":true}]}}