{"id":34284,"date":"2025-03-28T11:32:19","date_gmt":"2025-03-28T09:32:19","guid":{"rendered":"https:\/\/www.logictechnic.com.tr\/?post_type=product&#038;p=34284"},"modified":"2025-06-10T11:34:21","modified_gmt":"2025-06-10T09:34:21","slug":"schmersal-az-17i-b6l","status":"publish","type":"product","link":"http:\/\/www.logictechnic.com.tr\/en\/urunler\/schmersal\/kablo-ve-aksesuarlar-schmersal\/schmersal-az-17i-b6l\/","title":{"rendered":"SCHMERSAL AZ 17i-B6L"},"content":{"rendered":"","protected":false},"excerpt":{"rendered":"<p>\u00dcr\u00fcn fiyat ve stok bilgisi i\u00e7in l\u00fctfen ileti\u015fime ge\u00e7iniz.<\/p>","protected":false},"featured_media":36014,"template":"","meta":[],"product_brand":[],"product_cat":[11680,11688],"product_tag":[11691],"class_list":{"0":"post-34284","1":"product","2":"type-product","3":"status-publish","4":"has-post-thumbnail","6":"product_cat-schmersal","7":"product_cat-kablo-ve-aksesuarlar-schmersal","8":"product_tag-az-17i-b6l","10":"first","11":"instock","12":"shipping-taxable","13":"product-type-simple"},"_links":{"self":[{"href":"http:\/\/www.logictechnic.com.tr\/en\/wp-json\/wp\/v2\/product\/34284","targetHints":{"allow":["GET"]}}],"collection":[{"href":"http:\/\/www.logictechnic.com.tr\/en\/wp-json\/wp\/v2\/product"}],"about":[{"href":"http:\/\/www.logictechnic.com.tr\/en\/wp-json\/wp\/v2\/types\/product"}],"wp:featuredmedia":[{"embeddable":true,"href":"http:\/\/www.logictechnic.com.tr\/en\/wp-json\/wp\/v2\/media\/36014"}],"wp:attachment":[{"href":"http:\/\/www.logictechnic.com.tr\/en\/wp-json\/wp\/v2\/media?parent=34284"}],"wp:term":[{"taxonomy":"product_brand","embeddable":true,"href":"http:\/\/www.logictechnic.com.tr\/en\/wp-json\/wp\/v2\/product_brand?post=34284"},{"taxonomy":"product_cat","embeddable":true,"href":"http:\/\/www.logictechnic.com.tr\/en\/wp-json\/wp\/v2\/product_cat?post=34284"},{"taxonomy":"product_tag","embeddable":true,"href":"http:\/\/www.logictechnic.com.tr\/en\/wp-json\/wp\/v2\/product_tag?post=34284"}],"curies":[{"name":"wp","href":"https:\/\/api.w.org\/{rel}","templated":true}]}}