{"id":3529,"date":"2024-03-20T23:04:17","date_gmt":"2024-03-20T21:04:17","guid":{"rendered":"https:\/\/www.logictechnic.com.tr\/?post_type=product&#038;p=3529"},"modified":"2025-02-03T13:46:40","modified_gmt":"2025-02-03T11:46:40","slug":"pepperlfuchs-nj5-18gk-n-5m","status":"publish","type":"product","link":"http:\/\/www.logictechnic.com.tr\/en\/urunler\/pepperl-fuchs\/enduktif-konum-olcme-sensorleri\/pepperlfuchs-nj5-18gk-n-5m\/","title":{"rendered":"PEPPERL+FUCHS NJ5-18GK-N-5M"},"content":{"rendered":"<p>Firmam\u0131z, PEPPERL+FUCHS markas\u0131n\u0131n yetkili distrib\u00fct\u00f6r\u00fc, \u00fcretici temsilcisi veya bayisi de\u011fildir. Web sitemizde g\u00f6sterilen PEPPERL+FUCHS markas\u0131na ait \u00fcr\u00fcnler bilgilendirme ama\u00e7l\u0131 olup, t\u00fcm marka adlar\u0131 ve ticari markalar ilgili hak sahiplerinin m\u00fclkiyetindedir.<\/p>","protected":false},"excerpt":{"rendered":"<p>PEPPERL+FUCHS \u0130ND\u00dcKT\u0130F SENS\u00d6R<\/p>\n<ul class=\"list_inline_link\">\n<li><a href=\"https:\/\/www.pepperl-fuchs.com\/turkey\/tr\/classid_143.htm?view=productdetails&amp;prodid=104076\">NJ5-18GK-N-5M<\/a><\/li>\n<\/ul>","protected":false},"featured_media":3530,"template":"","meta":[],"product_brand":[],"product_cat":[25,775],"product_tag":[1163],"class_list":{"0":"post-3529","1":"product","2":"type-product","3":"status-publish","4":"has-post-thumbnail","6":"product_cat-pepperl-fuchs","7":"product_cat-enduktif-konum-olcme-sensorleri","8":"product_tag-nj5-18gk-n-5m","10":"first","11":"instock","12":"shipping-taxable","13":"product-type-simple"},"_links":{"self":[{"href":"http:\/\/www.logictechnic.com.tr\/en\/wp-json\/wp\/v2\/product\/3529","targetHints":{"allow":["GET"]}}],"collection":[{"href":"http:\/\/www.logictechnic.com.tr\/en\/wp-json\/wp\/v2\/product"}],"about":[{"href":"http:\/\/www.logictechnic.com.tr\/en\/wp-json\/wp\/v2\/types\/product"}],"wp:featuredmedia":[{"embeddable":true,"href":"http:\/\/www.logictechnic.com.tr\/en\/wp-json\/wp\/v2\/media\/3530"}],"wp:attachment":[{"href":"http:\/\/www.logictechnic.com.tr\/en\/wp-json\/wp\/v2\/media?parent=3529"}],"wp:term":[{"taxonomy":"product_brand","embeddable":true,"href":"http:\/\/www.logictechnic.com.tr\/en\/wp-json\/wp\/v2\/product_brand?post=3529"},{"taxonomy":"product_cat","embeddable":true,"href":"http:\/\/www.logictechnic.com.tr\/en\/wp-json\/wp\/v2\/product_cat?post=3529"},{"taxonomy":"product_tag","embeddable":true,"href":"http:\/\/www.logictechnic.com.tr\/en\/wp-json\/wp\/v2\/product_tag?post=3529"}],"curies":[{"name":"wp","href":"https:\/\/api.w.org\/{rel}","templated":true}]}}