{"id":3534,"date":"2024-03-20T23:06:41","date_gmt":"2024-03-20T21:06:41","guid":{"rendered":"https:\/\/www.logictechnic.com.tr\/?post_type=product&#038;p=3534"},"modified":"2025-02-03T13:46:34","modified_gmt":"2025-02-03T11:46:34","slug":"pepperlfuchs-nj8-18gk-n","status":"publish","type":"product","link":"http:\/\/www.logictechnic.com.tr\/en\/urunler\/pepperl-fuchs\/enduktif-konum-olcme-sensorleri\/pepperlfuchs-nj8-18gk-n\/","title":{"rendered":"PEPPERL+FUCHS NJ8-18GK-N"},"content":{"rendered":"<p>Firmam\u0131z, PEPPERL+FUCHS markas\u0131n\u0131n yetkili distrib\u00fct\u00f6r\u00fc, \u00fcretici temsilcisi veya bayisi de\u011fildir. Web sitemizde g\u00f6sterilen PEPPERL+FUCHS markas\u0131na ait \u00fcr\u00fcnler bilgilendirme ama\u00e7l\u0131 olup, t\u00fcm marka adlar\u0131 ve ticari markalar ilgili hak sahiplerinin m\u00fclkiyetindedir.<\/p>","protected":false},"excerpt":{"rendered":"<p>PEPPERL+FUCHS \u0130ND\u00dcKT\u0130F SENS\u00d6R<\/p>\n<ul class=\"list_inline_link\">\n<li><a href=\"https:\/\/www.pepperl-fuchs.com\/turkey\/tr\/classid_143.htm?view=productdetails&amp;prodid=103601\">NJ8-18GK-N<\/a><\/li>\n<\/ul>","protected":false},"featured_media":3539,"template":"","meta":[],"product_brand":[],"product_cat":[25,775],"product_tag":[1167],"class_list":{"0":"post-3534","1":"product","2":"type-product","3":"status-publish","4":"has-post-thumbnail","6":"product_cat-pepperl-fuchs","7":"product_cat-enduktif-konum-olcme-sensorleri","8":"product_tag-nj8-18gk-n","10":"first","11":"instock","12":"shipping-taxable","13":"product-type-simple"},"_links":{"self":[{"href":"http:\/\/www.logictechnic.com.tr\/en\/wp-json\/wp\/v2\/product\/3534","targetHints":{"allow":["GET"]}}],"collection":[{"href":"http:\/\/www.logictechnic.com.tr\/en\/wp-json\/wp\/v2\/product"}],"about":[{"href":"http:\/\/www.logictechnic.com.tr\/en\/wp-json\/wp\/v2\/types\/product"}],"wp:featuredmedia":[{"embeddable":true,"href":"http:\/\/www.logictechnic.com.tr\/en\/wp-json\/wp\/v2\/media\/3539"}],"wp:attachment":[{"href":"http:\/\/www.logictechnic.com.tr\/en\/wp-json\/wp\/v2\/media?parent=3534"}],"wp:term":[{"taxonomy":"product_brand","embeddable":true,"href":"http:\/\/www.logictechnic.com.tr\/en\/wp-json\/wp\/v2\/product_brand?post=3534"},{"taxonomy":"product_cat","embeddable":true,"href":"http:\/\/www.logictechnic.com.tr\/en\/wp-json\/wp\/v2\/product_cat?post=3534"},{"taxonomy":"product_tag","embeddable":true,"href":"http:\/\/www.logictechnic.com.tr\/en\/wp-json\/wp\/v2\/product_tag?post=3534"}],"curies":[{"name":"wp","href":"https:\/\/api.w.org\/{rel}","templated":true}]}}