{"id":4194,"date":"2024-04-20T15:29:11","date_gmt":"2024-04-20T13:29:11","guid":{"rendered":"https:\/\/www.logictechnic.com.tr\/?post_type=product&#038;p=4194"},"modified":"2025-02-03T09:56:41","modified_gmt":"2025-02-03T07:56:41","slug":"lenze-erbs027r600w","status":"publish","type":"product","link":"http:\/\/www.logictechnic.com.tr\/en\/urunler\/lenze\/inverterler\/lenze-erbs027r600w\/","title":{"rendered":"LENZE ERBS027R600W"},"content":{"rendered":"<p>Firmam\u0131z, Lenze markas\u0131n\u0131n yetkili distrib\u00fct\u00f6r\u00fc, \u00fcretici temsilcisi veya bayisi de\u011fildir. Web sitemizde g\u00f6sterilen Lenze markas\u0131na ait \u00fcr\u00fcnler bilgilendirme ama\u00e7l\u0131 olup, t\u00fcm marka adlar\u0131 ve ticari markalar ilgili hak sahiplerinin\u00a0m\u00fclkiyetindedir.<\/p>","protected":false},"excerpt":{"rendered":"<p>LENZE ERBS027R600W<\/p>","protected":false},"featured_media":4195,"template":"","meta":[],"product_brand":[],"product_cat":[29,151],"product_tag":[1478],"class_list":{"0":"post-4194","1":"product","2":"type-product","3":"status-publish","4":"has-post-thumbnail","6":"product_cat-lenze","7":"product_cat-inverterler","8":"product_tag-erbm082r150w","10":"first","11":"instock","12":"shipping-taxable","13":"product-type-simple"},"_links":{"self":[{"href":"http:\/\/www.logictechnic.com.tr\/en\/wp-json\/wp\/v2\/product\/4194","targetHints":{"allow":["GET"]}}],"collection":[{"href":"http:\/\/www.logictechnic.com.tr\/en\/wp-json\/wp\/v2\/product"}],"about":[{"href":"http:\/\/www.logictechnic.com.tr\/en\/wp-json\/wp\/v2\/types\/product"}],"wp:featuredmedia":[{"embeddable":true,"href":"http:\/\/www.logictechnic.com.tr\/en\/wp-json\/wp\/v2\/media\/4195"}],"wp:attachment":[{"href":"http:\/\/www.logictechnic.com.tr\/en\/wp-json\/wp\/v2\/media?parent=4194"}],"wp:term":[{"taxonomy":"product_brand","embeddable":true,"href":"http:\/\/www.logictechnic.com.tr\/en\/wp-json\/wp\/v2\/product_brand?post=4194"},{"taxonomy":"product_cat","embeddable":true,"href":"http:\/\/www.logictechnic.com.tr\/en\/wp-json\/wp\/v2\/product_cat?post=4194"},{"taxonomy":"product_tag","embeddable":true,"href":"http:\/\/www.logictechnic.com.tr\/en\/wp-json\/wp\/v2\/product_tag?post=4194"}],"curies":[{"name":"wp","href":"https:\/\/api.w.org\/{rel}","templated":true}]}}