{"id":5475,"date":"2024-05-27T08:35:24","date_gmt":"2024-05-27T06:35:24","guid":{"rendered":"https:\/\/www.logictechnic.com.tr\/?post_type=product&#038;p=5475"},"modified":"2025-02-03T13:45:14","modified_gmt":"2025-02-03T11:45:14","slug":"pepperlfuchs-kfu8-ufc-1-d-fa","status":"publish","type":"product","link":"http:\/\/www.logictechnic.com.tr\/en\/urunler\/pepperl-fuchs\/proses-otomasyon-urunleri\/pepperlfuchs-kfu8-ufc-1-d-fa\/","title":{"rendered":"PEPPERL+FUCHS KFU8-UFC-1.D.FA"},"content":{"rendered":"<p>Firmam\u0131z, PEPPERL+FUCHS markas\u0131n\u0131n yetkili distrib\u00fct\u00f6r\u00fc, \u00fcretici temsilcisi veya bayisi de\u011fildir. Web sitemizde g\u00f6sterilen PEPPERL+FUCHS markas\u0131na ait \u00fcr\u00fcnler bilgilendirme ama\u00e7l\u0131 olup, t\u00fcm marka adlar\u0131 ve ticari markalar ilgili hak sahiplerinin m\u00fclkiyetindedir.<\/p>","protected":false},"excerpt":{"rendered":"<p>PEPPERL+FUCHS\u00a0 PROSES SIGNAL CONVERTER KFU8-UFC-1.D.FA<\/p>\n<p>&nbsp;<\/p>","protected":false},"featured_media":5477,"template":"","meta":[],"product_brand":[],"product_cat":[25,440],"product_tag":[2074],"class_list":{"0":"post-5475","1":"product","2":"type-product","3":"status-publish","4":"has-post-thumbnail","6":"product_cat-pepperl-fuchs","7":"product_cat-proses-otomasyon-urunleri","8":"product_tag-kfu8-ufc-1-d-fa","10":"first","11":"instock","12":"shipping-taxable","13":"product-type-simple"},"_links":{"self":[{"href":"http:\/\/www.logictechnic.com.tr\/en\/wp-json\/wp\/v2\/product\/5475","targetHints":{"allow":["GET"]}}],"collection":[{"href":"http:\/\/www.logictechnic.com.tr\/en\/wp-json\/wp\/v2\/product"}],"about":[{"href":"http:\/\/www.logictechnic.com.tr\/en\/wp-json\/wp\/v2\/types\/product"}],"wp:featuredmedia":[{"embeddable":true,"href":"http:\/\/www.logictechnic.com.tr\/en\/wp-json\/wp\/v2\/media\/5477"}],"wp:attachment":[{"href":"http:\/\/www.logictechnic.com.tr\/en\/wp-json\/wp\/v2\/media?parent=5475"}],"wp:term":[{"taxonomy":"product_brand","embeddable":true,"href":"http:\/\/www.logictechnic.com.tr\/en\/wp-json\/wp\/v2\/product_brand?post=5475"},{"taxonomy":"product_cat","embeddable":true,"href":"http:\/\/www.logictechnic.com.tr\/en\/wp-json\/wp\/v2\/product_cat?post=5475"},{"taxonomy":"product_tag","embeddable":true,"href":"http:\/\/www.logictechnic.com.tr\/en\/wp-json\/wp\/v2\/product_tag?post=5475"}],"curies":[{"name":"wp","href":"https:\/\/api.w.org\/{rel}","templated":true}]}}