{"id":7531,"date":"2024-07-06T12:44:33","date_gmt":"2024-07-06T10:44:33","guid":{"rendered":"https:\/\/www.logictechnic.com.tr\/?post_type=product&#038;p=7531"},"modified":"2025-02-03T09:56:23","modified_gmt":"2025-02-03T07:56:23","slug":"lenze-evs9327-ep","status":"publish","type":"product","link":"http:\/\/www.logictechnic.com.tr\/en\/urunler\/lenze\/inverterler\/lenze-evs9327-ep\/","title":{"rendered":"LENZE EVS9327-EP"},"content":{"rendered":"<p>Firmam\u0131z, Lenze markas\u0131n\u0131n yetkili distrib\u00fct\u00f6r\u00fc, \u00fcretici temsilcisi veya bayisi de\u011fildir. Web sitemizde g\u00f6sterilen Lenze markas\u0131na ait \u00fcr\u00fcnler bilgilendirme ama\u00e7l\u0131 olup, t\u00fcm marka adlar\u0131 ve ticari markalar ilgili hak sahiplerinin\u00a0m\u00fclkiyetindedir.<\/p>","protected":false},"excerpt":{"rendered":"<div class=\"row align-items-center product-detail-headline\">\n<div class=\"col product-detail-name-container\">\n<h2 class=\"product-detail-name\">\u00a0<i>LENZE EVS9327-EP INVERTER<\/i><\/h2>\n<\/div>\n<\/div>\n<div class=\"product-detail-ordernumber-container\"><\/div>","protected":false},"featured_media":7540,"template":"","meta":[],"product_brand":[],"product_cat":[29,151],"product_tag":[3417],"class_list":{"0":"post-7531","1":"product","2":"type-product","3":"status-publish","4":"has-post-thumbnail","6":"product_cat-lenze","7":"product_cat-inverterler","8":"product_tag-evs9327-ep","10":"first","11":"instock","12":"shipping-taxable","13":"product-type-simple"},"_links":{"self":[{"href":"http:\/\/www.logictechnic.com.tr\/en\/wp-json\/wp\/v2\/product\/7531","targetHints":{"allow":["GET"]}}],"collection":[{"href":"http:\/\/www.logictechnic.com.tr\/en\/wp-json\/wp\/v2\/product"}],"about":[{"href":"http:\/\/www.logictechnic.com.tr\/en\/wp-json\/wp\/v2\/types\/product"}],"wp:featuredmedia":[{"embeddable":true,"href":"http:\/\/www.logictechnic.com.tr\/en\/wp-json\/wp\/v2\/media\/7540"}],"wp:attachment":[{"href":"http:\/\/www.logictechnic.com.tr\/en\/wp-json\/wp\/v2\/media?parent=7531"}],"wp:term":[{"taxonomy":"product_brand","embeddable":true,"href":"http:\/\/www.logictechnic.com.tr\/en\/wp-json\/wp\/v2\/product_brand?post=7531"},{"taxonomy":"product_cat","embeddable":true,"href":"http:\/\/www.logictechnic.com.tr\/en\/wp-json\/wp\/v2\/product_cat?post=7531"},{"taxonomy":"product_tag","embeddable":true,"href":"http:\/\/www.logictechnic.com.tr\/en\/wp-json\/wp\/v2\/product_tag?post=7531"}],"curies":[{"name":"wp","href":"https:\/\/api.w.org\/{rel}","templated":true}]}}