{"id":8574,"date":"2024-07-24T10:03:30","date_gmt":"2024-07-24T08:03:30","guid":{"rendered":"https:\/\/www.logictechnic.com.tr\/?post_type=product&#038;p=8574"},"modified":"2025-02-03T13:44:56","modified_gmt":"2025-02-03T11:44:56","slug":"pepperlfuchs-6gr6222-3ab00-pf","status":"publish","type":"product","link":"http:\/\/www.logictechnic.com.tr\/en\/urunler\/pepperl-fuchs\/ultrasonik-sensorler\/pepperlfuchs-6gr6222-3ab00-pf\/","title":{"rendered":"PEPPERL+FUCHS 6GR6222-3AB00-PF"},"content":{"rendered":"<p>Firmam\u0131z, PEPPERL+FUCHS markas\u0131n\u0131n yetkili distrib\u00fct\u00f6r\u00fc, \u00fcretici temsilcisi veya bayisi de\u011fildir. Web sitemizde g\u00f6sterilen PEPPERL+FUCHS markas\u0131na ait \u00fcr\u00fcnler bilgilendirme ama\u00e7l\u0131 olup, t\u00fcm marka adlar\u0131 ve ticari markalar ilgili hak sahiplerinin m\u00fclkiyetindedir.<\/p>","protected":false},"excerpt":{"rendered":"<p>&nbsp;<\/p>\n<p>&nbsp;<\/p>","protected":false},"featured_media":8575,"template":"","meta":[],"product_brand":[],"product_cat":[25,130],"product_tag":[4253],"class_list":{"0":"post-8574","1":"product","2":"type-product","3":"status-publish","4":"has-post-thumbnail","6":"product_cat-pepperl-fuchs","7":"product_cat-ultrasonik-sensorler","8":"product_tag-6gr6222-3ab00-pf","10":"first","11":"instock","12":"shipping-taxable","13":"product-type-simple"},"_links":{"self":[{"href":"http:\/\/www.logictechnic.com.tr\/en\/wp-json\/wp\/v2\/product\/8574","targetHints":{"allow":["GET"]}}],"collection":[{"href":"http:\/\/www.logictechnic.com.tr\/en\/wp-json\/wp\/v2\/product"}],"about":[{"href":"http:\/\/www.logictechnic.com.tr\/en\/wp-json\/wp\/v2\/types\/product"}],"wp:featuredmedia":[{"embeddable":true,"href":"http:\/\/www.logictechnic.com.tr\/en\/wp-json\/wp\/v2\/media\/8575"}],"wp:attachment":[{"href":"http:\/\/www.logictechnic.com.tr\/en\/wp-json\/wp\/v2\/media?parent=8574"}],"wp:term":[{"taxonomy":"product_brand","embeddable":true,"href":"http:\/\/www.logictechnic.com.tr\/en\/wp-json\/wp\/v2\/product_brand?post=8574"},{"taxonomy":"product_cat","embeddable":true,"href":"http:\/\/www.logictechnic.com.tr\/en\/wp-json\/wp\/v2\/product_cat?post=8574"},{"taxonomy":"product_tag","embeddable":true,"href":"http:\/\/www.logictechnic.com.tr\/en\/wp-json\/wp\/v2\/product_tag?post=8574"}],"curies":[{"name":"wp","href":"https:\/\/api.w.org\/{rel}","templated":true}]}}