{"id":8711,"date":"2024-07-25T14:44:30","date_gmt":"2024-07-25T12:44:30","guid":{"rendered":"https:\/\/www.logictechnic.com.tr\/?post_type=product&#038;p=8711"},"modified":"2025-02-03T13:43:07","modified_gmt":"2025-02-03T11:43:07","slug":"pepperlfuchs-gl30-rt-32-40a-98a-2","status":"publish","type":"product","link":"http:\/\/www.logictechnic.com.tr\/en\/urunler\/pepperl-fuchs\/fotoelektrik-sensorler\/catal-tip-fotoelektrik-sensor\/pepperlfuchs-gl30-rt-32-40a-98a-2\/","title":{"rendered":"PEPPERL+FUCHS GL30-RT\/32\/40a\/98a"},"content":{"rendered":"<p>Firmam\u0131z, PEPPERL+FUCHS markas\u0131n\u0131n yetkili distrib\u00fct\u00f6r\u00fc, \u00fcretici temsilcisi veya bayisi de\u011fildir. Web sitemizde g\u00f6sterilen PEPPERL+FUCHS markas\u0131na ait \u00fcr\u00fcnler bilgilendirme ama\u00e7l\u0131 olup, t\u00fcm marka adlar\u0131 ve ticari markalar ilgili hak sahiplerinin m\u00fclkiyetindedir.<\/p>","protected":false},"excerpt":{"rendered":"<p>&nbsp;<\/p>\n<p>&nbsp;<\/p>","protected":false},"featured_media":8708,"template":"","meta":[],"product_brand":[],"product_cat":[25,415],"product_tag":[435],"class_list":{"0":"post-8711","1":"product","2":"type-product","3":"status-publish","4":"has-post-thumbnail","6":"product_cat-pepperl-fuchs","7":"product_cat-catal-tip-fotoelektrik-sensor","8":"product_tag-gl30-rt-32-40a-98a","10":"first","11":"instock","12":"shipping-taxable","13":"product-type-simple"},"_links":{"self":[{"href":"http:\/\/www.logictechnic.com.tr\/en\/wp-json\/wp\/v2\/product\/8711","targetHints":{"allow":["GET"]}}],"collection":[{"href":"http:\/\/www.logictechnic.com.tr\/en\/wp-json\/wp\/v2\/product"}],"about":[{"href":"http:\/\/www.logictechnic.com.tr\/en\/wp-json\/wp\/v2\/types\/product"}],"wp:featuredmedia":[{"embeddable":true,"href":"http:\/\/www.logictechnic.com.tr\/en\/wp-json\/wp\/v2\/media\/8708"}],"wp:attachment":[{"href":"http:\/\/www.logictechnic.com.tr\/en\/wp-json\/wp\/v2\/media?parent=8711"}],"wp:term":[{"taxonomy":"product_brand","embeddable":true,"href":"http:\/\/www.logictechnic.com.tr\/en\/wp-json\/wp\/v2\/product_brand?post=8711"},{"taxonomy":"product_cat","embeddable":true,"href":"http:\/\/www.logictechnic.com.tr\/en\/wp-json\/wp\/v2\/product_cat?post=8711"},{"taxonomy":"product_tag","embeddable":true,"href":"http:\/\/www.logictechnic.com.tr\/en\/wp-json\/wp\/v2\/product_tag?post=8711"}],"curies":[{"name":"wp","href":"https:\/\/api.w.org\/{rel}","templated":true}]}}