{"id":10538,"date":"2024-11-19T12:25:34","date_gmt":"2024-11-19T10:25:34","guid":{"rendered":"https:\/\/www.logictechnic.com.tr\/?post_type=product&#038;p=10538"},"modified":"2025-02-03T12:51:55","modified_gmt":"2025-02-03T10:51:55","slug":"pepperlfuchs-nj25-50-n","status":"publish","type":"product","link":"https:\/\/www.logictechnic.com.tr\/en\/urunler\/pepperl-fuchs\/enduktif-sensor\/pepperlfuchs-nj25-50-n\/","title":{"rendered":"PEPPERL+FUCHS NJ25-50-N"},"content":{"rendered":"<p>Firmam\u0131z, PEPPERL+FUCHS markas\u0131n\u0131n yetkili distrib\u00fct\u00f6r\u00fc, \u00fcretici temsilcisi veya bayisi de\u011fildir. Web sitemizde g\u00f6sterilen PEPPERL+FUCHS markas\u0131na ait \u00fcr\u00fcnler bilgilendirme ama\u00e7l\u0131 olup, t\u00fcm marka adlar\u0131 ve ticari markalar ilgili hak sahiplerinin m\u00fclkiyetindedir.<\/p>","protected":false},"excerpt":{"rendered":"<p>&nbsp;<\/p>\n<p>&nbsp;<\/p>","protected":false},"featured_media":10539,"template":"","meta":[],"product_brand":[],"product_cat":[25,244],"product_tag":[5536],"class_list":{"0":"post-10538","1":"product","2":"type-product","3":"status-publish","4":"has-post-thumbnail","6":"product_cat-pepperl-fuchs","7":"product_cat-enduktif-sensor","8":"product_tag-nj25-50-n","10":"first","11":"instock","12":"shipping-taxable","13":"product-type-simple"},"_links":{"self":[{"href":"https:\/\/www.logictechnic.com.tr\/en\/wp-json\/wp\/v2\/product\/10538","targetHints":{"allow":["GET"]}}],"collection":[{"href":"https:\/\/www.logictechnic.com.tr\/en\/wp-json\/wp\/v2\/product"}],"about":[{"href":"https:\/\/www.logictechnic.com.tr\/en\/wp-json\/wp\/v2\/types\/product"}],"wp:featuredmedia":[{"embeddable":true,"href":"https:\/\/www.logictechnic.com.tr\/en\/wp-json\/wp\/v2\/media\/10539"}],"wp:attachment":[{"href":"https:\/\/www.logictechnic.com.tr\/en\/wp-json\/wp\/v2\/media?parent=10538"}],"wp:term":[{"taxonomy":"product_brand","embeddable":true,"href":"https:\/\/www.logictechnic.com.tr\/en\/wp-json\/wp\/v2\/product_brand?post=10538"},{"taxonomy":"product_cat","embeddable":true,"href":"https:\/\/www.logictechnic.com.tr\/en\/wp-json\/wp\/v2\/product_cat?post=10538"},{"taxonomy":"product_tag","embeddable":true,"href":"https:\/\/www.logictechnic.com.tr\/en\/wp-json\/wp\/v2\/product_tag?post=10538"}],"curies":[{"name":"wp","href":"https:\/\/api.w.org\/{rel}","templated":true}]}}