{"id":1250,"date":"2023-12-15T12:32:10","date_gmt":"2023-12-15T10:32:10","guid":{"rendered":"https:\/\/www.logictechnic.com.tr\/?post_type=product&#038;p=1250"},"modified":"2025-02-03T13:51:18","modified_gmt":"2025-02-03T11:51:18","slug":"pepperlfuchs-ml100-55-103-115","status":"publish","type":"product","link":"https:\/\/www.logictechnic.com.tr\/en\/urunler\/pepperl-fuchs\/fotoelektrik-sensorler\/pepperlfuchs-ml100-55-103-115\/","title":{"rendered":"PEPPERL+FUCHS ML100-55\/103\/115"},"content":{"rendered":"<p>Firmam\u0131z, PEPPERL+FUCHS markas\u0131n\u0131n yetkili distrib\u00fct\u00f6r\u00fc, \u00fcretici temsilcisi veya bayisi de\u011fildir. Web sitemizde g\u00f6sterilen PEPPERL+FUCHS markas\u0131na ait \u00fcr\u00fcnler bilgilendirme ama\u00e7l\u0131 olup, t\u00fcm marka adlar\u0131 ve ticari markalar ilgili hak sahiplerinin m\u00fclkiyetindedir.<\/p>","protected":false},"excerpt":{"rendered":"<ul>\n<li>Miniature design<\/li>\n<li>Easy to use<\/li>\n<li>Clearly visible LEDs for Power ON, switching state and weak signal indication<\/li>\n<li>Full metal thread mounting<\/li>\n<li>Very bright, highly visible light spot<\/li>\n<li>Not sensitive to ambient light<\/li>\n<\/ul>","protected":false},"featured_media":1662,"template":"","meta":[],"product_brand":[],"product_cat":[25,129],"product_tag":[198],"class_list":{"0":"post-1250","1":"product","2":"type-product","3":"status-publish","4":"has-post-thumbnail","6":"product_cat-pepperl-fuchs","7":"product_cat-fotoelektrik-sensorler","8":"product_tag-ml100-55-103-115","10":"first","11":"instock","12":"shipping-taxable","13":"product-type-simple"},"_links":{"self":[{"href":"https:\/\/www.logictechnic.com.tr\/en\/wp-json\/wp\/v2\/product\/1250","targetHints":{"allow":["GET"]}}],"collection":[{"href":"https:\/\/www.logictechnic.com.tr\/en\/wp-json\/wp\/v2\/product"}],"about":[{"href":"https:\/\/www.logictechnic.com.tr\/en\/wp-json\/wp\/v2\/types\/product"}],"wp:featuredmedia":[{"embeddable":true,"href":"https:\/\/www.logictechnic.com.tr\/en\/wp-json\/wp\/v2\/media\/1662"}],"wp:attachment":[{"href":"https:\/\/www.logictechnic.com.tr\/en\/wp-json\/wp\/v2\/media?parent=1250"}],"wp:term":[{"taxonomy":"product_brand","embeddable":true,"href":"https:\/\/www.logictechnic.com.tr\/en\/wp-json\/wp\/v2\/product_brand?post=1250"},{"taxonomy":"product_cat","embeddable":true,"href":"https:\/\/www.logictechnic.com.tr\/en\/wp-json\/wp\/v2\/product_cat?post=1250"},{"taxonomy":"product_tag","embeddable":true,"href":"https:\/\/www.logictechnic.com.tr\/en\/wp-json\/wp\/v2\/product_tag?post=1250"}],"curies":[{"name":"wp","href":"https:\/\/api.w.org\/{rel}","templated":true}]}}