{"id":1359,"date":"2023-12-17T13:18:01","date_gmt":"2023-12-17T11:18:01","guid":{"rendered":"https:\/\/www.logictechnic.com.tr\/?post_type=product&#038;p=1359"},"modified":"2025-02-03T09:59:50","modified_gmt":"2025-02-03T07:59:50","slug":"lenze-i550-cabinet-frequency-inverter","status":"publish","type":"product","link":"https:\/\/www.logictechnic.com.tr\/en\/urunler\/lenze\/inverterler\/lenze-i550-cabinet-frequency-inverter\/","title":{"rendered":"LENZE i550 cabinet frequency inverter"},"content":{"rendered":"<p>Firmam\u0131z, Lenze markas\u0131n\u0131n yetkili distrib\u00fct\u00f6r\u00fc, \u00fcretici temsilcisi veya bayisi de\u011fildir. Web sitemizde g\u00f6sterilen Lenze markas\u0131na ait \u00fcr\u00fcnler bilgilendirme ama\u00e7l\u0131 olup, t\u00fcm marka adlar\u0131 ve ticari markalar ilgili hak sahiplerinin\u00a0m\u00fclkiyetindedir.<\/p>","protected":false},"excerpt":{"rendered":"<ul>\n<li>Space saving design: 60 mm wide (up to 4 kW), 130 mm deep (up to 11 kW), with zero-clearance mounting<\/li>\n<li>Innovative interaction (e.g. over WLAN) makes new record-breaking commissioning times and convenient diagnostics a reality<\/li>\n<li>Optionally available with &#8220;Safe Torque Off (STO)&#8221; with SIL 3 (EN\u00a0IEC\u00a062061\/EN IEC\u00a061508) and Performance Level e (EN\u00a0ISO\u00a013849-1)<\/li>\n<li>For the greatest possible flexibility available as a complete device or in individual parts (Power Unit, Control Unit and Safety Unit)<\/li>\n<\/ul>","protected":false},"featured_media":1360,"template":"","meta":[],"product_brand":[],"product_cat":[29,151],"product_tag":[],"class_list":{"0":"post-1359","1":"product","2":"type-product","3":"status-publish","4":"has-post-thumbnail","6":"product_cat-lenze","7":"product_cat-inverterler","9":"first","10":"instock","11":"shipping-taxable","12":"product-type-simple"},"_links":{"self":[{"href":"https:\/\/www.logictechnic.com.tr\/en\/wp-json\/wp\/v2\/product\/1359","targetHints":{"allow":["GET"]}}],"collection":[{"href":"https:\/\/www.logictechnic.com.tr\/en\/wp-json\/wp\/v2\/product"}],"about":[{"href":"https:\/\/www.logictechnic.com.tr\/en\/wp-json\/wp\/v2\/types\/product"}],"wp:featuredmedia":[{"embeddable":true,"href":"https:\/\/www.logictechnic.com.tr\/en\/wp-json\/wp\/v2\/media\/1360"}],"wp:attachment":[{"href":"https:\/\/www.logictechnic.com.tr\/en\/wp-json\/wp\/v2\/media?parent=1359"}],"wp:term":[{"taxonomy":"product_brand","embeddable":true,"href":"https:\/\/www.logictechnic.com.tr\/en\/wp-json\/wp\/v2\/product_brand?post=1359"},{"taxonomy":"product_cat","embeddable":true,"href":"https:\/\/www.logictechnic.com.tr\/en\/wp-json\/wp\/v2\/product_cat?post=1359"},{"taxonomy":"product_tag","embeddable":true,"href":"https:\/\/www.logictechnic.com.tr\/en\/wp-json\/wp\/v2\/product_tag?post=1359"}],"curies":[{"name":"wp","href":"https:\/\/api.w.org\/{rel}","templated":true}]}}