{"id":1663,"date":"2023-12-25T13:33:23","date_gmt":"2023-12-25T11:33:23","guid":{"rendered":"https:\/\/www.logictechnic.com.tr\/?post_type=product&#038;p=1663"},"modified":"2025-02-03T13:50:43","modified_gmt":"2025-02-03T11:50:43","slug":"pepperlfuchs-nbn40-u1-a2","status":"publish","type":"product","link":"https:\/\/www.logictechnic.com.tr\/en\/urunler\/pepperl-fuchs\/enduktif-sensor\/pepperlfuchs-nbn40-u1-a2\/","title":{"rendered":"PEPPERL+FUCHS  NBN40-U1-A2"},"content":{"rendered":"<p>Firmam\u0131z, PEPPERL+FUCHS markas\u0131n\u0131n yetkili distrib\u00fct\u00f6r\u00fc, \u00fcretici temsilcisi veya bayisi de\u011fildir. Web sitemizde g\u00f6sterilen PEPPERL+FUCHS markas\u0131na ait \u00fcr\u00fcnler bilgilendirme ama\u00e7l\u0131 olup, t\u00fcm marka adlar\u0131 ve ticari markalar ilgili hak sahiplerinin m\u00fclkiyetindedir.<\/p>","protected":false},"excerpt":{"rendered":"<ul id=\"productfeatures\">\n<li>Sensor head bidirectional and rotatable<\/li>\n<li>40 mm non-flush<\/li>\n<li>4-wire DC<\/li>\n<li>4 LEDs indicator for 360\u00b0 visibility<\/li>\n<\/ul>","protected":false},"featured_media":1664,"template":"","meta":[],"product_brand":[],"product_cat":[25,244],"product_tag":[335],"class_list":{"0":"post-1663","1":"product","2":"type-product","3":"status-publish","4":"has-post-thumbnail","6":"product_cat-pepperl-fuchs","7":"product_cat-enduktif-sensor","8":"product_tag-nbn40-u1-a2","10":"first","11":"instock","12":"shipping-taxable","13":"product-type-simple"},"_links":{"self":[{"href":"https:\/\/www.logictechnic.com.tr\/en\/wp-json\/wp\/v2\/product\/1663","targetHints":{"allow":["GET"]}}],"collection":[{"href":"https:\/\/www.logictechnic.com.tr\/en\/wp-json\/wp\/v2\/product"}],"about":[{"href":"https:\/\/www.logictechnic.com.tr\/en\/wp-json\/wp\/v2\/types\/product"}],"wp:featuredmedia":[{"embeddable":true,"href":"https:\/\/www.logictechnic.com.tr\/en\/wp-json\/wp\/v2\/media\/1664"}],"wp:attachment":[{"href":"https:\/\/www.logictechnic.com.tr\/en\/wp-json\/wp\/v2\/media?parent=1663"}],"wp:term":[{"taxonomy":"product_brand","embeddable":true,"href":"https:\/\/www.logictechnic.com.tr\/en\/wp-json\/wp\/v2\/product_brand?post=1663"},{"taxonomy":"product_cat","embeddable":true,"href":"https:\/\/www.logictechnic.com.tr\/en\/wp-json\/wp\/v2\/product_cat?post=1663"},{"taxonomy":"product_tag","embeddable":true,"href":"https:\/\/www.logictechnic.com.tr\/en\/wp-json\/wp\/v2\/product_tag?post=1663"}],"curies":[{"name":"wp","href":"https:\/\/api.w.org\/{rel}","templated":true}]}}