{"id":16814,"date":"2025-02-07T07:59:02","date_gmt":"2025-02-07T05:59:02","guid":{"rendered":"https:\/\/www.logictechnic.com.tr\/?post_type=product&#038;p=16814"},"modified":"2026-04-11T11:40:15","modified_gmt":"2026-04-11T09:40:15","slug":"leuze-ddls-200-300-2-40-h","status":"publish","type":"product","link":"https:\/\/www.logictechnic.com.tr\/en\/urunler\/diger-markalar\/phoenix-contact\/leuze-ddls-200-300-2-40-h\/","title":{"rendered":"LEUZE DDLS 200\/300.2-40-H"},"content":{"rendered":"<p>Firmam\u0131z, Leuze markas\u0131n\u0131n yetkili distrib\u00fct\u00f6r\u00fc, \u00fcretici temsilcisi veya bayisi de\u011fildir. Web sitemizde g\u00f6sterilen Leuze markas\u0131na ait \u00fcr\u00fcnler bilgilendirme ama\u00e7l\u0131 olup, t\u00fcm marka adlar\u0131 ve ticari markalar ilgili hak sahiplerinin\u00a0m\u00fclkiyetindedir.<\/p>","protected":false},"excerpt":{"rendered":"<div class=\"row align-items-center product-detail-headline\">\n<div class=\"col product-detail-name-container\">\n<p>&nbsp;<\/p>\n<p>&nbsp;<\/p>\n<\/div>\n<\/div>\n<div class=\"product-detail-ordernumber-container\"><\/div>\n<div id=\"gtx-trans\" style=\"position: absolute; left: -11px; top: -5.6875px;\">\n<div class=\"gtx-trans-icon\"><\/div>\n<\/div>","protected":false},"featured_media":41907,"template":"","meta":[],"product_brand":[],"product_cat":[25,11702],"product_tag":[9824],"class_list":{"0":"post-16814","1":"product","2":"type-product","3":"status-publish","4":"has-post-thumbnail","6":"product_cat-pepperl-fuchs","7":"product_cat-phoenix-contact","8":"product_tag-ddls-200-300-2-40-h","10":"first","11":"instock","12":"shipping-taxable","13":"product-type-simple"},"_links":{"self":[{"href":"https:\/\/www.logictechnic.com.tr\/en\/wp-json\/wp\/v2\/product\/16814","targetHints":{"allow":["GET"]}}],"collection":[{"href":"https:\/\/www.logictechnic.com.tr\/en\/wp-json\/wp\/v2\/product"}],"about":[{"href":"https:\/\/www.logictechnic.com.tr\/en\/wp-json\/wp\/v2\/types\/product"}],"wp:featuredmedia":[{"embeddable":true,"href":"https:\/\/www.logictechnic.com.tr\/en\/wp-json\/wp\/v2\/media\/41907"}],"wp:attachment":[{"href":"https:\/\/www.logictechnic.com.tr\/en\/wp-json\/wp\/v2\/media?parent=16814"}],"wp:term":[{"taxonomy":"product_brand","embeddable":true,"href":"https:\/\/www.logictechnic.com.tr\/en\/wp-json\/wp\/v2\/product_brand?post=16814"},{"taxonomy":"product_cat","embeddable":true,"href":"https:\/\/www.logictechnic.com.tr\/en\/wp-json\/wp\/v2\/product_cat?post=16814"},{"taxonomy":"product_tag","embeddable":true,"href":"https:\/\/www.logictechnic.com.tr\/en\/wp-json\/wp\/v2\/product_tag?post=16814"}],"curies":[{"name":"wp","href":"https:\/\/api.w.org\/{rel}","templated":true}]}}