{"id":1837,"date":"2023-12-27T14:23:52","date_gmt":"2023-12-27T12:23:52","guid":{"rendered":"https:\/\/www.logictechnic.com.tr\/?post_type=product&#038;p=1837"},"modified":"2025-02-03T13:49:17","modified_gmt":"2025-02-03T11:49:17","slug":"pepperlfuchs-ml100-55-g-95-103","status":"publish","type":"product","link":"https:\/\/www.logictechnic.com.tr\/en\/urunler\/pepperl-fuchs\/fotoelektrik-sensorler\/cisimden-yansimali-fotoelektrik-sensor\/pepperlfuchs-ml100-55-g-95-103\/","title":{"rendered":"PEPPERL+FUCHS ML100-55-G\/95\/103"},"content":{"rendered":"<p>Firmam\u0131z, PEPPERL+FUCHS markas\u0131n\u0131n yetkili distrib\u00fct\u00f6r\u00fc, \u00fcretici temsilcisi veya bayisi de\u011fildir. Web sitemizde g\u00f6sterilen PEPPERL+FUCHS markas\u0131na ait \u00fcr\u00fcnler bilgilendirme ama\u00e7l\u0131 olup, t\u00fcm marka adlar\u0131 ve ticari markalar ilgili hak sahiplerinin m\u00fclkiyetindedir.<\/p>","protected":false},"excerpt":{"rendered":"<ul>\n<li>Miniature design<\/li>\n<li>Detects transparent materials<\/li>\n<li>TEACH-IN switch for setting the contrast detection levels<\/li>\n<li>Automatic adjustment in case of soiling in contrast detection mode<\/li>\n<li>Very bright, highly visible light spot<\/li>\n<li>Full metal thread mounting<\/li>\n<\/ul>","protected":false},"featured_media":1838,"template":"","meta":[],"product_brand":[],"product_cat":[25,129,411],"product_tag":[418],"class_list":{"0":"post-1837","1":"product","2":"type-product","3":"status-publish","4":"has-post-thumbnail","6":"product_cat-pepperl-fuchs","7":"product_cat-fotoelektrik-sensorler","8":"product_cat-cisimden-yansimali-fotoelektrik-sensor","9":"product_tag-ml100-55-g-95-103","11":"first","12":"instock","13":"shipping-taxable","14":"product-type-simple"},"_links":{"self":[{"href":"https:\/\/www.logictechnic.com.tr\/en\/wp-json\/wp\/v2\/product\/1837","targetHints":{"allow":["GET"]}}],"collection":[{"href":"https:\/\/www.logictechnic.com.tr\/en\/wp-json\/wp\/v2\/product"}],"about":[{"href":"https:\/\/www.logictechnic.com.tr\/en\/wp-json\/wp\/v2\/types\/product"}],"wp:featuredmedia":[{"embeddable":true,"href":"https:\/\/www.logictechnic.com.tr\/en\/wp-json\/wp\/v2\/media\/1838"}],"wp:attachment":[{"href":"https:\/\/www.logictechnic.com.tr\/en\/wp-json\/wp\/v2\/media?parent=1837"}],"wp:term":[{"taxonomy":"product_brand","embeddable":true,"href":"https:\/\/www.logictechnic.com.tr\/en\/wp-json\/wp\/v2\/product_brand?post=1837"},{"taxonomy":"product_cat","embeddable":true,"href":"https:\/\/www.logictechnic.com.tr\/en\/wp-json\/wp\/v2\/product_cat?post=1837"},{"taxonomy":"product_tag","embeddable":true,"href":"https:\/\/www.logictechnic.com.tr\/en\/wp-json\/wp\/v2\/product_tag?post=1837"}],"curies":[{"name":"wp","href":"https:\/\/api.w.org\/{rel}","templated":true}]}}