{"id":1885,"date":"2023-12-28T12:47:39","date_gmt":"2023-12-28T10:47:39","guid":{"rendered":"https:\/\/www.logictechnic.com.tr\/?post_type=product&#038;p=1885"},"modified":"2025-02-03T13:48:52","modified_gmt":"2025-02-03T11:48:52","slug":"pepperlfuchs-vt18-8-400-m-40a-118-128","status":"publish","type":"product","link":"https:\/\/www.logictechnic.com.tr\/en\/urunler\/pepperl-fuchs\/fotoelektrik-sensorler\/cisimden-yansimali-fotoelektrik-sensor\/pepperlfuchs-vt18-8-400-m-40a-118-128\/","title":{"rendered":"PEPPERL+FUCHS  VT18-8-400-M\/40A\/118\/128"},"content":{"rendered":"<p>Firmam\u0131z, PEPPERL+FUCHS markas\u0131n\u0131n yetkili distrib\u00fct\u00f6r\u00fc, \u00fcretici temsilcisi veya bayisi de\u011fildir. Web sitemizde g\u00f6sterilen PEPPERL+FUCHS markas\u0131na ait \u00fcr\u00fcnler bilgilendirme ama\u00e7l\u0131 olup, t\u00fcm marka adlar\u0131 ve ticari markalar ilgili hak sahiplerinin m\u00fclkiyetindedir.<\/p>","protected":false},"excerpt":{"rendered":"<ul>\n<li>Array control panel with highly visible LED display<\/li>\n<li>Flashing power on LED in case of short-circuit<\/li>\n<li>Multiple device installation possible, no mutual interference (no cross-talk)<\/li>\n<li>Not sensitive to ambient light, even with switched energy saving lamps<\/li>\n<li>Protection class II<\/li>\n<\/ul>","protected":false},"featured_media":1886,"template":"","meta":[],"product_brand":[],"product_cat":[25,129,411],"product_tag":[438],"class_list":{"0":"post-1885","1":"product","2":"type-product","3":"status-publish","4":"has-post-thumbnail","6":"product_cat-pepperl-fuchs","7":"product_cat-fotoelektrik-sensorler","8":"product_cat-cisimden-yansimali-fotoelektrik-sensor","9":"product_tag-vt18-8-400-m-40a-118-128","11":"first","12":"instock","13":"shipping-taxable","14":"product-type-simple"},"_links":{"self":[{"href":"https:\/\/www.logictechnic.com.tr\/en\/wp-json\/wp\/v2\/product\/1885","targetHints":{"allow":["GET"]}}],"collection":[{"href":"https:\/\/www.logictechnic.com.tr\/en\/wp-json\/wp\/v2\/product"}],"about":[{"href":"https:\/\/www.logictechnic.com.tr\/en\/wp-json\/wp\/v2\/types\/product"}],"wp:featuredmedia":[{"embeddable":true,"href":"https:\/\/www.logictechnic.com.tr\/en\/wp-json\/wp\/v2\/media\/1886"}],"wp:attachment":[{"href":"https:\/\/www.logictechnic.com.tr\/en\/wp-json\/wp\/v2\/media?parent=1885"}],"wp:term":[{"taxonomy":"product_brand","embeddable":true,"href":"https:\/\/www.logictechnic.com.tr\/en\/wp-json\/wp\/v2\/product_brand?post=1885"},{"taxonomy":"product_cat","embeddable":true,"href":"https:\/\/www.logictechnic.com.tr\/en\/wp-json\/wp\/v2\/product_cat?post=1885"},{"taxonomy":"product_tag","embeddable":true,"href":"https:\/\/www.logictechnic.com.tr\/en\/wp-json\/wp\/v2\/product_tag?post=1885"}],"curies":[{"name":"wp","href":"https:\/\/api.w.org\/{rel}","templated":true}]}}