{"id":1900,"date":"2023-12-29T08:36:45","date_gmt":"2023-12-29T06:36:45","guid":{"rendered":"https:\/\/www.logictechnic.com.tr\/?post_type=product&#038;p=1900"},"modified":"2025-02-03T13:48:43","modified_gmt":"2025-02-03T11:48:43","slug":"pepperlfuchs-glv18-8-450-73-120","status":"publish","type":"product","link":"https:\/\/www.logictechnic.com.tr\/en\/urunler\/pepperl-fuchs\/fotoelektrik-sensorler\/cisimden-yansimali-fotoelektrik-sensor\/pepperlfuchs-glv18-8-450-73-120\/","title":{"rendered":"PEPPERL+FUCHS GLV18-8-450\/73\/120"},"content":{"rendered":"<p>Firmam\u0131z, PEPPERL+FUCHS markas\u0131n\u0131n yetkili distrib\u00fct\u00f6r\u00fc, \u00fcretici temsilcisi veya bayisi de\u011fildir. Web sitemizde g\u00f6sterilen PEPPERL+FUCHS markas\u0131na ait \u00fcr\u00fcnler bilgilendirme ama\u00e7l\u0131 olup, t\u00fcm marka adlar\u0131 ve ticari markalar ilgili hak sahiplerinin m\u00fclkiyetindedir.<\/p>","protected":false},"excerpt":{"rendered":"<ul>\n<li>Efficient Line in a short M18 plastic housing for standard applications<\/li>\n<li>Very high detection range<\/li>\n<li>4 LEDs indicator for 360\u00b0 visibility<\/li>\n<li>Optimized potentiometer design for a clear control button layout in the application<\/li>\n<li>Version with front optical face<\/li>\n<li>DC voltage version<\/li>\n<\/ul>","protected":false},"featured_media":1901,"template":"","meta":[],"product_brand":[],"product_cat":[25,129,411],"product_tag":[446],"class_list":{"0":"post-1900","1":"product","2":"type-product","3":"status-publish","4":"has-post-thumbnail","6":"product_cat-pepperl-fuchs","7":"product_cat-fotoelektrik-sensorler","8":"product_cat-cisimden-yansimali-fotoelektrik-sensor","9":"product_tag-glv18-8-450-73-120","11":"first","12":"instock","13":"shipping-taxable","14":"product-type-simple"},"_links":{"self":[{"href":"https:\/\/www.logictechnic.com.tr\/en\/wp-json\/wp\/v2\/product\/1900","targetHints":{"allow":["GET"]}}],"collection":[{"href":"https:\/\/www.logictechnic.com.tr\/en\/wp-json\/wp\/v2\/product"}],"about":[{"href":"https:\/\/www.logictechnic.com.tr\/en\/wp-json\/wp\/v2\/types\/product"}],"wp:featuredmedia":[{"embeddable":true,"href":"https:\/\/www.logictechnic.com.tr\/en\/wp-json\/wp\/v2\/media\/1901"}],"wp:attachment":[{"href":"https:\/\/www.logictechnic.com.tr\/en\/wp-json\/wp\/v2\/media?parent=1900"}],"wp:term":[{"taxonomy":"product_brand","embeddable":true,"href":"https:\/\/www.logictechnic.com.tr\/en\/wp-json\/wp\/v2\/product_brand?post=1900"},{"taxonomy":"product_cat","embeddable":true,"href":"https:\/\/www.logictechnic.com.tr\/en\/wp-json\/wp\/v2\/product_cat?post=1900"},{"taxonomy":"product_tag","embeddable":true,"href":"https:\/\/www.logictechnic.com.tr\/en\/wp-json\/wp\/v2\/product_tag?post=1900"}],"curies":[{"name":"wp","href":"https:\/\/api.w.org\/{rel}","templated":true}]}}