{"id":1920,"date":"2023-12-29T13:40:08","date_gmt":"2023-12-29T11:40:08","guid":{"rendered":"https:\/\/www.logictechnic.com.tr\/?post_type=product&#038;p=1920"},"modified":"2025-02-03T13:48:32","modified_gmt":"2025-02-03T11:48:32","slug":"pepperlfuchs-obt350-r100-2ep-io-v31","status":"publish","type":"product","link":"https:\/\/www.logictechnic.com.tr\/en\/urunler\/pepperl-fuchs\/fotoelektrik-sensorler\/cisimden-yansimali-fotoelektrik-sensor\/pepperlfuchs-obt350-r100-2ep-io-v31\/","title":{"rendered":"PEPPERL+FUCHS  OBT350-R100-2EP-IO-V31"},"content":{"rendered":"<p>Firmam\u0131z, PEPPERL+FUCHS markas\u0131n\u0131n yetkili distrib\u00fct\u00f6r\u00fc, \u00fcretici temsilcisi veya bayisi de\u011fildir. Web sitemizde g\u00f6sterilen PEPPERL+FUCHS markas\u0131na ait \u00fcr\u00fcnler bilgilendirme ama\u00e7l\u0131 olup, t\u00fcm marka adlar\u0131 ve ticari markalar ilgili hak sahiplerinin m\u00fclkiyetindedir.<\/p>","protected":false},"excerpt":{"rendered":"<ul>\n<li>Miniature design with versatile mounting options<\/li>\n<li>Best background suppressor in its class<\/li>\n<li>Precision object detection, almost irrespective of the color<\/li>\n<li>Extended temperature range<br \/>\n-40 \u00b0C &#8230; 60 \u00b0C<\/li>\n<li>High degree of protection IP69K<\/li>\n<li>IO-Link interface for service and process data<\/li>\n<\/ul>","protected":false},"featured_media":1921,"template":"","meta":[],"product_brand":[],"product_cat":[25,129,411],"product_tag":[457],"class_list":{"0":"post-1920","1":"product","2":"type-product","3":"status-publish","4":"has-post-thumbnail","6":"product_cat-pepperl-fuchs","7":"product_cat-fotoelektrik-sensorler","8":"product_cat-cisimden-yansimali-fotoelektrik-sensor","9":"product_tag-obt350-r100-2ep-io-v31","11":"first","12":"instock","13":"shipping-taxable","14":"product-type-simple"},"_links":{"self":[{"href":"https:\/\/www.logictechnic.com.tr\/en\/wp-json\/wp\/v2\/product\/1920","targetHints":{"allow":["GET"]}}],"collection":[{"href":"https:\/\/www.logictechnic.com.tr\/en\/wp-json\/wp\/v2\/product"}],"about":[{"href":"https:\/\/www.logictechnic.com.tr\/en\/wp-json\/wp\/v2\/types\/product"}],"wp:featuredmedia":[{"embeddable":true,"href":"https:\/\/www.logictechnic.com.tr\/en\/wp-json\/wp\/v2\/media\/1921"}],"wp:attachment":[{"href":"https:\/\/www.logictechnic.com.tr\/en\/wp-json\/wp\/v2\/media?parent=1920"}],"wp:term":[{"taxonomy":"product_brand","embeddable":true,"href":"https:\/\/www.logictechnic.com.tr\/en\/wp-json\/wp\/v2\/product_brand?post=1920"},{"taxonomy":"product_cat","embeddable":true,"href":"https:\/\/www.logictechnic.com.tr\/en\/wp-json\/wp\/v2\/product_cat?post=1920"},{"taxonomy":"product_tag","embeddable":true,"href":"https:\/\/www.logictechnic.com.tr\/en\/wp-json\/wp\/v2\/product_tag?post=1920"}],"curies":[{"name":"wp","href":"https:\/\/api.w.org\/{rel}","templated":true}]}}