{"id":2512,"date":"2024-01-15T16:36:46","date_gmt":"2024-01-15T14:36:46","guid":{"rendered":"https:\/\/www.logictechnic.com.tr\/?post_type=product&#038;p=2512"},"modified":"2025-02-03T09:57:24","modified_gmt":"2025-02-03T07:57:24","slug":"lenze-e94aycpm-s","status":"publish","type":"product","link":"https:\/\/www.logictechnic.com.tr\/en\/urunler\/lenze\/inverterler\/lenze-e94aycpm-s\/","title":{"rendered":"LENZE E94AYCPM\/S"},"content":{"rendered":"<p>Firmam\u0131z, Lenze markas\u0131n\u0131n yetkili distrib\u00fct\u00f6r\u00fc, \u00fcretici temsilcisi veya bayisi de\u011fildir. Web sitemizde g\u00f6sterilen Lenze markas\u0131na ait \u00fcr\u00fcnler bilgilendirme ama\u00e7l\u0131 olup, t\u00fcm marka adlar\u0131 ve ticari markalar ilgili hak sahiplerinin\u00a0m\u00fclkiyetindedir.<\/p>","protected":false},"excerpt":{"rendered":"<div class=\"row align-items-center product-detail-headline\">\n<div class=\"col product-detail-name-container\">\n<h2 class=\"product-detail-name\">LENZE\u00a0 E94AYCPM\/S mod\u00fcl<\/h2>\n<\/div>\n<\/div>\n<div class=\"product-detail-ordernumber-container\"><\/div>","protected":false},"featured_media":2513,"template":"","meta":[],"product_brand":[],"product_cat":[29,151],"product_tag":[728],"class_list":{"0":"post-2512","1":"product","2":"type-product","3":"status-publish","4":"has-post-thumbnail","6":"product_cat-lenze","7":"product_cat-inverterler","8":"product_tag-e94aycpm-s","10":"first","11":"instock","12":"shipping-taxable","13":"product-type-simple"},"_links":{"self":[{"href":"https:\/\/www.logictechnic.com.tr\/en\/wp-json\/wp\/v2\/product\/2512","targetHints":{"allow":["GET"]}}],"collection":[{"href":"https:\/\/www.logictechnic.com.tr\/en\/wp-json\/wp\/v2\/product"}],"about":[{"href":"https:\/\/www.logictechnic.com.tr\/en\/wp-json\/wp\/v2\/types\/product"}],"wp:featuredmedia":[{"embeddable":true,"href":"https:\/\/www.logictechnic.com.tr\/en\/wp-json\/wp\/v2\/media\/2513"}],"wp:attachment":[{"href":"https:\/\/www.logictechnic.com.tr\/en\/wp-json\/wp\/v2\/media?parent=2512"}],"wp:term":[{"taxonomy":"product_brand","embeddable":true,"href":"https:\/\/www.logictechnic.com.tr\/en\/wp-json\/wp\/v2\/product_brand?post=2512"},{"taxonomy":"product_cat","embeddable":true,"href":"https:\/\/www.logictechnic.com.tr\/en\/wp-json\/wp\/v2\/product_cat?post=2512"},{"taxonomy":"product_tag","embeddable":true,"href":"https:\/\/www.logictechnic.com.tr\/en\/wp-json\/wp\/v2\/product_tag?post=2512"}],"curies":[{"name":"wp","href":"https:\/\/api.w.org\/{rel}","templated":true}]}}