{"id":2536,"date":"2024-01-15T16:47:34","date_gmt":"2024-01-15T14:47:34","guid":{"rendered":"https:\/\/www.logictechnic.com.tr\/?post_type=product&#038;p=2536"},"modified":"2025-02-03T09:57:12","modified_gmt":"2025-02-03T07:57:12","slug":"lenze-ewl0071","status":"publish","type":"product","link":"https:\/\/www.logictechnic.com.tr\/en\/urunler\/lenze\/inverterler\/lenze-ewl0071\/","title":{"rendered":"LENZE EWL0071"},"content":{"rendered":"<p>Firmam\u0131z, Lenze markas\u0131n\u0131n yetkili distrib\u00fct\u00f6r\u00fc, \u00fcretici temsilcisi veya bayisi de\u011fildir. Web sitemizde g\u00f6sterilen Lenze markas\u0131na ait \u00fcr\u00fcnler bilgilendirme ama\u00e7l\u0131 olup, t\u00fcm marka adlar\u0131 ve ticari markalar ilgili hak sahiplerinin\u00a0m\u00fclkiyetindedir.<\/p>","protected":false},"excerpt":{"rendered":"<div class=\"row align-items-center product-detail-headline\">\n<div class=\"col product-detail-name-container\">\n<h2 class=\"product-detail-name\">LENZE EWL0071 mod\u00fcl<\/h2>\n<\/div>\n<\/div>\n<div class=\"product-detail-ordernumber-container\"><\/div>","protected":false},"featured_media":2537,"template":"","meta":[],"product_brand":[],"product_cat":[29,151],"product_tag":[741],"class_list":{"0":"post-2536","1":"product","2":"type-product","3":"status-publish","4":"has-post-thumbnail","6":"product_cat-lenze","7":"product_cat-inverterler","8":"product_tag-ewl0071","10":"first","11":"instock","12":"shipping-taxable","13":"product-type-simple"},"_links":{"self":[{"href":"https:\/\/www.logictechnic.com.tr\/en\/wp-json\/wp\/v2\/product\/2536","targetHints":{"allow":["GET"]}}],"collection":[{"href":"https:\/\/www.logictechnic.com.tr\/en\/wp-json\/wp\/v2\/product"}],"about":[{"href":"https:\/\/www.logictechnic.com.tr\/en\/wp-json\/wp\/v2\/types\/product"}],"wp:featuredmedia":[{"embeddable":true,"href":"https:\/\/www.logictechnic.com.tr\/en\/wp-json\/wp\/v2\/media\/2537"}],"wp:attachment":[{"href":"https:\/\/www.logictechnic.com.tr\/en\/wp-json\/wp\/v2\/media?parent=2536"}],"wp:term":[{"taxonomy":"product_brand","embeddable":true,"href":"https:\/\/www.logictechnic.com.tr\/en\/wp-json\/wp\/v2\/product_brand?post=2536"},{"taxonomy":"product_cat","embeddable":true,"href":"https:\/\/www.logictechnic.com.tr\/en\/wp-json\/wp\/v2\/product_cat?post=2536"},{"taxonomy":"product_tag","embeddable":true,"href":"https:\/\/www.logictechnic.com.tr\/en\/wp-json\/wp\/v2\/product_tag?post=2536"}],"curies":[{"name":"wp","href":"https:\/\/api.w.org\/{rel}","templated":true}]}}