{"id":2978,"date":"2024-02-28T21:09:58","date_gmt":"2024-02-28T19:09:58","guid":{"rendered":"https:\/\/www.logictechnic.com.tr\/?post_type=product&#038;p=2978"},"modified":"2024-02-28T21:11:15","modified_gmt":"2024-02-28T19:11:15","slug":"sick-c4c-sa06010a10000","status":"publish","type":"product","link":"https:\/\/www.logictechnic.com.tr\/en\/urunler\/sick\/safety\/sick-c4c-sa06010a10000\/","title":{"rendered":"SICK C4C-SA06010A10000"},"content":{"rendered":"<p>SICK\u00a0 G\u00dcVENL\u0130K I\u015eIK BAR\u0130YER\u0130 <a class=\"name\" href=\"https:\/\/www.sick.com\/tr\/tr\/catalog\/ueruenler\/safety\/guevenli-isik-bariyerleri\/detec\/c4c-sa06010a10000\/p\/p308121?tab=detail\">C4C-SA06010A10000<\/a><\/p>\n<p>&nbsp;<\/p>\n<p>&nbsp;<\/p>","protected":false},"excerpt":{"rendered":"<p>SICK\u00a0 G\u00dcVENL\u0130K I\u015eIK BAR\u0130YER\u0130 C4C-SA06010A10000 &nbsp; &nbsp;<\/p>","protected":false},"featured_media":2980,"template":"","meta":[],"product_brand":[],"product_cat":[26,137],"product_tag":[922,203,205,204],"class_list":{"0":"post-2978","1":"product","2":"type-product","3":"status-publish","4":"has-post-thumbnail","6":"product_cat-sick","7":"product_cat-safety","8":"product_tag-c4c-sa06010a10000","9":"product_tag-sick-algilama-sensorleri","10":"product_tag-sick-gaziantep","11":"product_tag-sick-izmir","13":"first","14":"instock","15":"shipping-taxable","16":"product-type-simple"},"_links":{"self":[{"href":"https:\/\/www.logictechnic.com.tr\/en\/wp-json\/wp\/v2\/product\/2978","targetHints":{"allow":["GET"]}}],"collection":[{"href":"https:\/\/www.logictechnic.com.tr\/en\/wp-json\/wp\/v2\/product"}],"about":[{"href":"https:\/\/www.logictechnic.com.tr\/en\/wp-json\/wp\/v2\/types\/product"}],"wp:featuredmedia":[{"embeddable":true,"href":"https:\/\/www.logictechnic.com.tr\/en\/wp-json\/wp\/v2\/media\/2980"}],"wp:attachment":[{"href":"https:\/\/www.logictechnic.com.tr\/en\/wp-json\/wp\/v2\/media?parent=2978"}],"wp:term":[{"taxonomy":"product_brand","embeddable":true,"href":"https:\/\/www.logictechnic.com.tr\/en\/wp-json\/wp\/v2\/product_brand?post=2978"},{"taxonomy":"product_cat","embeddable":true,"href":"https:\/\/www.logictechnic.com.tr\/en\/wp-json\/wp\/v2\/product_cat?post=2978"},{"taxonomy":"product_tag","embeddable":true,"href":"https:\/\/www.logictechnic.com.tr\/en\/wp-json\/wp\/v2\/product_tag?post=2978"}],"curies":[{"name":"wp","href":"https:\/\/api.w.org\/{rel}","templated":true}]}}