{"id":2988,"date":"2024-02-28T21:20:14","date_gmt":"2024-02-28T19:20:14","guid":{"rendered":"https:\/\/www.logictechnic.com.tr\/?post_type=product&#038;p=2988"},"modified":"2024-02-28T21:48:25","modified_gmt":"2024-02-28T19:48:25","slug":"sick-c4c-ea12030a10000","status":"publish","type":"product","link":"https:\/\/www.logictechnic.com.tr\/en\/urunler\/sick\/safety\/sick-c4c-ea12030a10000\/","title":{"rendered":"SICK C4C-EA12030A10000"},"content":{"rendered":"<p>SICK\u00a0 G\u00dcVENL\u0130K I\u015eIK BAR\u0130YER\u0130 C4C-EA12030A10000<\/p>\n<p>&nbsp;<\/p>\n<p>&nbsp;<\/p>","protected":false},"excerpt":{"rendered":"<p>SICK\u00a0 G\u00dcVENL\u0130K I\u015eIK BAR\u0130YER\u0130 C4C-EA12030A10000 &nbsp; &nbsp;<\/p>","protected":false},"featured_media":2999,"template":"","meta":[],"product_brand":[],"product_cat":[26,137],"product_tag":[928,919,203,205,204],"class_list":{"0":"post-2988","1":"product","2":"type-product","3":"status-publish","4":"has-post-thumbnail","6":"product_cat-sick","7":"product_cat-safety","8":"product_tag-c4c-ea12030a10000","9":"product_tag-c4c-sa12030a10000","10":"product_tag-sick-algilama-sensorleri","11":"product_tag-sick-gaziantep","12":"product_tag-sick-izmir","14":"first","15":"instock","16":"shipping-taxable","17":"product-type-simple"},"_links":{"self":[{"href":"https:\/\/www.logictechnic.com.tr\/en\/wp-json\/wp\/v2\/product\/2988","targetHints":{"allow":["GET"]}}],"collection":[{"href":"https:\/\/www.logictechnic.com.tr\/en\/wp-json\/wp\/v2\/product"}],"about":[{"href":"https:\/\/www.logictechnic.com.tr\/en\/wp-json\/wp\/v2\/types\/product"}],"wp:featuredmedia":[{"embeddable":true,"href":"https:\/\/www.logictechnic.com.tr\/en\/wp-json\/wp\/v2\/media\/2999"}],"wp:attachment":[{"href":"https:\/\/www.logictechnic.com.tr\/en\/wp-json\/wp\/v2\/media?parent=2988"}],"wp:term":[{"taxonomy":"product_brand","embeddable":true,"href":"https:\/\/www.logictechnic.com.tr\/en\/wp-json\/wp\/v2\/product_brand?post=2988"},{"taxonomy":"product_cat","embeddable":true,"href":"https:\/\/www.logictechnic.com.tr\/en\/wp-json\/wp\/v2\/product_cat?post=2988"},{"taxonomy":"product_tag","embeddable":true,"href":"https:\/\/www.logictechnic.com.tr\/en\/wp-json\/wp\/v2\/product_tag?post=2988"}],"curies":[{"name":"wp","href":"https:\/\/api.w.org\/{rel}","templated":true}]}}