{"id":35069,"date":"1970-01-01T00:00:00","date_gmt":"1969-12-31T22:00:00","guid":{"rendered":"https:\/\/www.logictechnic.com.tr\/?post_type=product&#038;p=35069"},"modified":"2025-06-10T11:41:31","modified_gmt":"2025-06-10T09:41:31","slug":"schmersal-slg445-er-0500-02-h1","status":"publish","type":"product","link":"https:\/\/www.logictechnic.com.tr\/en\/urunler\/schmersal\/isik-bariyerleri-schmersal\/schmersal-slg445-er-0500-02-h1\/","title":{"rendered":"SCHMERSAL SLG445-ER-0500-02-H1"},"content":{"rendered":"","protected":false},"excerpt":{"rendered":"<p>\u00dcr\u00fcn fiyat ve stok bilgisi i\u00e7in l\u00fctfen ileti\u015fime ge\u00e7iniz.<\/p>","protected":false},"featured_media":36105,"template":"","meta":[],"product_brand":[],"product_cat":[11680,11683],"product_tag":[],"class_list":{"0":"post-35069","1":"product","2":"type-product","3":"status-publish","4":"has-post-thumbnail","6":"product_cat-schmersal","7":"product_cat-isik-bariyerleri-schmersal","9":"first","10":"instock","11":"shipping-taxable","12":"product-type-simple"},"_links":{"self":[{"href":"https:\/\/www.logictechnic.com.tr\/en\/wp-json\/wp\/v2\/product\/35069","targetHints":{"allow":["GET"]}}],"collection":[{"href":"https:\/\/www.logictechnic.com.tr\/en\/wp-json\/wp\/v2\/product"}],"about":[{"href":"https:\/\/www.logictechnic.com.tr\/en\/wp-json\/wp\/v2\/types\/product"}],"wp:featuredmedia":[{"embeddable":true,"href":"https:\/\/www.logictechnic.com.tr\/en\/wp-json\/wp\/v2\/media\/36105"}],"wp:attachment":[{"href":"https:\/\/www.logictechnic.com.tr\/en\/wp-json\/wp\/v2\/media?parent=35069"}],"wp:term":[{"taxonomy":"product_brand","embeddable":true,"href":"https:\/\/www.logictechnic.com.tr\/en\/wp-json\/wp\/v2\/product_brand?post=35069"},{"taxonomy":"product_cat","embeddable":true,"href":"https:\/\/www.logictechnic.com.tr\/en\/wp-json\/wp\/v2\/product_cat?post=35069"},{"taxonomy":"product_tag","embeddable":true,"href":"https:\/\/www.logictechnic.com.tr\/en\/wp-json\/wp\/v2\/product_tag?post=35069"}],"curies":[{"name":"wp","href":"https:\/\/api.w.org\/{rel}","templated":true}]}}