{"id":35129,"date":"2025-02-26T02:36:28","date_gmt":"2025-02-26T00:36:28","guid":{"rendered":"https:\/\/www.logictechnic.com.tr\/?post_type=product&#038;p=35129"},"modified":"2026-04-11T11:39:12","modified_gmt":"2026-04-11T09:39:12","slug":"schmersal-psc1-c-10-sdm2-fb1-pnps","status":"publish","type":"product","link":"https:\/\/www.logictechnic.com.tr\/en\/urunler\/diger-markalar\/phoenix-contact\/schmersal-psc1-c-10-sdm2-fb1-pnps\/","title":{"rendered":"SCHMERSAL PSC1-C-10-SDM2-FB1-PNPS"},"content":{"rendered":"","protected":false},"excerpt":{"rendered":"<p>\u00dcr\u00fcn fiyat ve stok bilgisi i\u00e7in l\u00fctfen ileti\u015fime ge\u00e7iniz.<\/p>","protected":false},"featured_media":41907,"template":"","meta":[],"product_brand":[],"product_cat":[11680,11681,11702],"product_tag":[],"class_list":{"0":"post-35129","1":"product","2":"type-product","3":"status-publish","4":"has-post-thumbnail","6":"product_cat-schmersal","7":"product_cat-emniyet-roleleri-schmersal","8":"product_cat-phoenix-contact","10":"first","11":"instock","12":"shipping-taxable","13":"product-type-simple"},"_links":{"self":[{"href":"https:\/\/www.logictechnic.com.tr\/en\/wp-json\/wp\/v2\/product\/35129","targetHints":{"allow":["GET"]}}],"collection":[{"href":"https:\/\/www.logictechnic.com.tr\/en\/wp-json\/wp\/v2\/product"}],"about":[{"href":"https:\/\/www.logictechnic.com.tr\/en\/wp-json\/wp\/v2\/types\/product"}],"wp:featuredmedia":[{"embeddable":true,"href":"https:\/\/www.logictechnic.com.tr\/en\/wp-json\/wp\/v2\/media\/41907"}],"wp:attachment":[{"href":"https:\/\/www.logictechnic.com.tr\/en\/wp-json\/wp\/v2\/media?parent=35129"}],"wp:term":[{"taxonomy":"product_brand","embeddable":true,"href":"https:\/\/www.logictechnic.com.tr\/en\/wp-json\/wp\/v2\/product_brand?post=35129"},{"taxonomy":"product_cat","embeddable":true,"href":"https:\/\/www.logictechnic.com.tr\/en\/wp-json\/wp\/v2\/product_cat?post=35129"},{"taxonomy":"product_tag","embeddable":true,"href":"https:\/\/www.logictechnic.com.tr\/en\/wp-json\/wp\/v2\/product_tag?post=35129"}],"curies":[{"name":"wp","href":"https:\/\/api.w.org\/{rel}","templated":true}]}}