{"id":42443,"date":"2026-02-12T02:02:53","date_gmt":"2026-02-12T00:02:53","guid":{"rendered":"https:\/\/www.logictechnic.com.tr\/?post_type=product&#038;p=42443"},"modified":"2026-04-12T01:00:42","modified_gmt":"2026-04-11T23:00:42","slug":"dold-bc-7930n","status":"publish","type":"product","link":"https:\/\/www.logictechnic.com.tr\/en\/urunler\/dold\/dold-bc-7930n\/","title":{"rendered":"DOLD   BC 7930N"},"content":{"rendered":"","protected":false},"excerpt":{"rendered":"<p>\u00dcr\u00fcn fiyat ve stok bilgisi i\u00e7in l\u00fctfen ileti\u015fime ge\u00e7iniz.<\/p>","protected":false},"featured_media":41911,"template":"","meta":[],"product_brand":[],"product_cat":[11720],"product_tag":[],"class_list":{"0":"post-42443","1":"product","2":"type-product","3":"status-publish","4":"has-post-thumbnail","6":"product_cat-dold","8":"first","9":"instock","10":"shipping-taxable","11":"product-type-simple"},"_links":{"self":[{"href":"https:\/\/www.logictechnic.com.tr\/en\/wp-json\/wp\/v2\/product\/42443","targetHints":{"allow":["GET"]}}],"collection":[{"href":"https:\/\/www.logictechnic.com.tr\/en\/wp-json\/wp\/v2\/product"}],"about":[{"href":"https:\/\/www.logictechnic.com.tr\/en\/wp-json\/wp\/v2\/types\/product"}],"wp:featuredmedia":[{"embeddable":true,"href":"https:\/\/www.logictechnic.com.tr\/en\/wp-json\/wp\/v2\/media\/41911"}],"wp:attachment":[{"href":"https:\/\/www.logictechnic.com.tr\/en\/wp-json\/wp\/v2\/media?parent=42443"}],"wp:term":[{"taxonomy":"product_brand","embeddable":true,"href":"https:\/\/www.logictechnic.com.tr\/en\/wp-json\/wp\/v2\/product_brand?post=42443"},{"taxonomy":"product_cat","embeddable":true,"href":"https:\/\/www.logictechnic.com.tr\/en\/wp-json\/wp\/v2\/product_cat?post=42443"},{"taxonomy":"product_tag","embeddable":true,"href":"https:\/\/www.logictechnic.com.tr\/en\/wp-json\/wp\/v2\/product_tag?post=42443"}],"curies":[{"name":"wp","href":"https:\/\/api.w.org\/{rel}","templated":true}]}}