{"id":43148,"date":"2026-02-12T02:02:53","date_gmt":"2026-02-12T00:02:53","guid":{"rendered":"https:\/\/www.logictechnic.com.tr\/?post_type=product&#038;p=43148"},"modified":"2026-04-21T21:42:11","modified_gmt":"2026-04-21T19:42:11","slug":"hengstler-geber-ax70-0012ek-42dpa-k0","status":"publish","type":"product","link":"https:\/\/www.logictechnic.com.tr\/en\/urunler\/hen\/hengstler-geber-ax70-0012ek-42dpa-k0\/","title":{"rendered":"HENGSTLER   GEBER AX70\/0012EK.42DPA-K0"},"content":{"rendered":"","protected":false},"excerpt":{"rendered":"<p>\u00dcr\u00fcn fiyat ve stok bilgisi i\u00e7in l\u00fctfen ileti\u015fime ge\u00e7iniz.<\/p>","protected":false},"featured_media":43165,"template":"","meta":[],"product_brand":[],"product_cat":[11728],"product_tag":[],"class_list":{"0":"post-43148","1":"product","2":"type-product","3":"status-publish","4":"has-post-thumbnail","6":"product_cat-hen","8":"first","9":"instock","10":"shipping-taxable","11":"product-type-simple"},"_links":{"self":[{"href":"https:\/\/www.logictechnic.com.tr\/en\/wp-json\/wp\/v2\/product\/43148","targetHints":{"allow":["GET"]}}],"collection":[{"href":"https:\/\/www.logictechnic.com.tr\/en\/wp-json\/wp\/v2\/product"}],"about":[{"href":"https:\/\/www.logictechnic.com.tr\/en\/wp-json\/wp\/v2\/types\/product"}],"wp:featuredmedia":[{"embeddable":true,"href":"https:\/\/www.logictechnic.com.tr\/en\/wp-json\/wp\/v2\/media\/43165"}],"wp:attachment":[{"href":"https:\/\/www.logictechnic.com.tr\/en\/wp-json\/wp\/v2\/media?parent=43148"}],"wp:term":[{"taxonomy":"product_brand","embeddable":true,"href":"https:\/\/www.logictechnic.com.tr\/en\/wp-json\/wp\/v2\/product_brand?post=43148"},{"taxonomy":"product_cat","embeddable":true,"href":"https:\/\/www.logictechnic.com.tr\/en\/wp-json\/wp\/v2\/product_cat?post=43148"},{"taxonomy":"product_tag","embeddable":true,"href":"https:\/\/www.logictechnic.com.tr\/en\/wp-json\/wp\/v2\/product_tag?post=43148"}],"curies":[{"name":"wp","href":"https:\/\/api.w.org\/{rel}","templated":true}]}}