{"id":8829,"date":"2024-07-30T16:40:30","date_gmt":"2024-07-30T14:40:30","guid":{"rendered":"https:\/\/www.logictechnic.com.tr\/?post_type=product&#038;p=8829"},"modified":"2025-02-03T13:41:24","modified_gmt":"2025-02-03T11:41:24","slug":"pepperlfuchs-iny360d-f99-b16-v15","status":"publish","type":"product","link":"https:\/\/www.logictechnic.com.tr\/en\/urunler\/pepperl-fuchs\/egim-ve-ivme-sensorleri\/pepperlfuchs-iny360d-f99-b16-v15\/","title":{"rendered":"PEPPERL+FUCHS INY360D-F99-B16-V15"},"content":{"rendered":"<p>Firmam\u0131z, PEPPERL+FUCHS markas\u0131n\u0131n yetkili distrib\u00fct\u00f6r\u00fc, \u00fcretici temsilcisi veya bayisi de\u011fildir. Web sitemizde g\u00f6sterilen PEPPERL+FUCHS markas\u0131na ait \u00fcr\u00fcnler bilgilendirme ama\u00e7l\u0131 olup, t\u00fcm marka adlar\u0131 ve ticari markalar ilgili hak sahiplerinin m\u00fclkiyetindedir.<\/p>","protected":false},"excerpt":{"rendered":"<p>&nbsp;<\/p>\n<p>&nbsp;<\/p>","protected":false},"featured_media":8811,"template":"","meta":[],"product_brand":[],"product_cat":[25,132],"product_tag":[4420],"class_list":{"0":"post-8829","1":"product","2":"type-product","3":"status-publish","4":"has-post-thumbnail","6":"product_cat-pepperl-fuchs","7":"product_cat-egim-ve-ivme-sensorleri","8":"product_tag-iny360d-f99-b16-v15","10":"first","11":"instock","12":"shipping-taxable","13":"product-type-simple"},"_links":{"self":[{"href":"https:\/\/www.logictechnic.com.tr\/en\/wp-json\/wp\/v2\/product\/8829","targetHints":{"allow":["GET"]}}],"collection":[{"href":"https:\/\/www.logictechnic.com.tr\/en\/wp-json\/wp\/v2\/product"}],"about":[{"href":"https:\/\/www.logictechnic.com.tr\/en\/wp-json\/wp\/v2\/types\/product"}],"wp:featuredmedia":[{"embeddable":true,"href":"https:\/\/www.logictechnic.com.tr\/en\/wp-json\/wp\/v2\/media\/8811"}],"wp:attachment":[{"href":"https:\/\/www.logictechnic.com.tr\/en\/wp-json\/wp\/v2\/media?parent=8829"}],"wp:term":[{"taxonomy":"product_brand","embeddable":true,"href":"https:\/\/www.logictechnic.com.tr\/en\/wp-json\/wp\/v2\/product_brand?post=8829"},{"taxonomy":"product_cat","embeddable":true,"href":"https:\/\/www.logictechnic.com.tr\/en\/wp-json\/wp\/v2\/product_cat?post=8829"},{"taxonomy":"product_tag","embeddable":true,"href":"https:\/\/www.logictechnic.com.tr\/en\/wp-json\/wp\/v2\/product_tag?post=8829"}],"curies":[{"name":"wp","href":"https:\/\/api.w.org\/{rel}","templated":true}]}}